{"id":330,"date":"2021-11-27T06:12:28","date_gmt":"2021-11-27T05:12:28","guid":{"rendered":"http:\/\/szulc-euphenics.com\/?page_id=330"},"modified":"2022-03-30T14:06:11","modified_gmt":"2022-03-30T12:06:11","slug":"smiech-ma-po-matce","status":"publish","type":"page","link":"https:\/\/szulc-euphenics.com\/?page_id=330","title":{"rendered":"\u015amiech ma po Matce"},"content":{"rendered":"\n<p>Carl Zimmer &#8211; &#8230;pages&#8230;256 . W czasie swoich bada\u0144 G-A odkry\u0142 co\u015b wyj\u0105tkowego pigmentos niemal nigdy nie chorowli na raka czy cukrzyce&#8230; cokolwiek blokowalo ich wzrost chronilo rowniez od chor\u00f3b, ktore pojawiaj\u0105 sie w czasie starzenia naszych cia\u0142. <\/p>\n\n\n\n<p><br><\/p>\n\n\n\n<!--more-->\n\n\n\n<p>Po tym, jak Guevara-Aguire i jego wsp\u00f3lpracownicy opisali mieszka\u0144cow Loja, postanowili odnale\u017a\u0107 genetyczn\u0105 &#8230;.mutacja w genie GHR<\/p>\n","protected":false},"excerpt":{"rendered":"<div class=\"mh-excerpt\"><p>Carl Zimmer &#8211; &#8230;pages&#8230;256 . W czasie swoich bada\u0144 G-A odkry\u0142 co\u015b wyj\u0105tkowego pigmentos niemal nigdy nie chorowli na raka czy cukrzyce&#8230; cokolwiek blokowalo ich wzrost chronilo rowniez od chor\u00f3b, ktore pojawiaj\u0105 sie w czasie starzenia naszych cia\u0142.<\/p>\n<\/div>","protected":false},"author":1,"featured_media":0,"parent":0,"menu_order":0,"comment_status":"closed","ping_status":"closed","template":"","meta":{"footnotes":""},"class_list":["post-330","page","type-page","status-publish"],"_links":{"self":[{"href":"https:\/\/szulc-euphenics.com\/index.php?rest_route=\/wp\/v2\/pages\/330","targetHints":{"allow":["GET"]}}],"collection":[{"href":"https:\/\/szulc-euphenics.com\/index.php?rest_route=\/wp\/v2\/pages"}],"about":[{"href":"https:\/\/szulc-euphenics.com\/index.php?rest_route=\/wp\/v2\/types\/page"}],"author":[{"embeddable":true,"href":"https:\/\/szulc-euphenics.com\/index.php?rest_route=\/wp\/v2\/users\/1"}],"replies":[{"embeddable":true,"href":"https:\/\/szulc-euphenics.com\/index.php?rest_route=%2Fwp%2Fv2%2Fcomments&post=330"}],"version-history":[{"count":4,"href":"https:\/\/szulc-euphenics.com\/index.php?rest_route=\/wp\/v2\/pages\/330\/revisions"}],"predecessor-version":[{"id":718,"href":"https:\/\/szulc-euphenics.com\/index.php?rest_route=\/wp\/v2\/pages\/330\/revisions\/718"}],"wp:attachment":[{"href":"https:\/\/szulc-euphenics.com\/index.php?rest_route=%2Fwp%2Fv2%2Fmedia&parent=330"}],"curies":[{"name":"wp","href":"https:\/\/api.w.org\/{rel}","templated":true}]}}